{"id":2254,"date":"2021-06-08T09:14:44","date_gmt":"2021-06-08T08:14:44","guid":{"rendered":"https:\/\/adspstretto.it\/privacy-policy\/"},"modified":"2022-11-09T10:06:45","modified_gmt":"2022-11-09T09:06:45","slug":"privacy-policy","status":"publish","type":"page","link":"https:\/\/adspstretto.it\/en\/privacy-policy\/","title":{"rendered":"Privacy Policy"},"content":{"rendered":"<div id=\"pl-2254\"  class=\"panel-layout\" ><div id=\"pg-2254-0\"  class=\"panel-grid panel-no-style\" ><div id=\"pgc-2254-0-0\"  class=\"panel-grid-cell\" ><div id=\"panel-2254-0-0-0\" class=\"so-panel widget widget_sow-editor panel-first-child panel-last-child\" data-index=\"0\" ><div\n\t\t\t\n\t\t\tclass=\"so-widget-sow-editor so-widget-sow-editor-base\"\n\t\t\t\n\t\t>\n<div class=\"siteorigin-widget-tinymce textwidget\">\n\t<p><strong>Cookie Policy<\/strong><\/p>\n<p>La presente Cookie Policy \u00e8 relativa al sito www.adspstretto.it nel quale vengono utilizzati dei cookie, tecnologie utili a migliorare la navigazione.<\/p>\n<p>L\u2019Autorit\u00e0 di Sistema Portuale dello Stretto, nella qualit\u00e0 di Titolare del trattamento dei dati personali potr\u00e0 modificare e aggiornare questa Policy in qualsiasi momento. Ogni modifica avr\u00e0 effetto dalla data di pubblicazione sul Sito. Si consiglia, quindi, di controllare regolarmente la presente documentazione.<\/p>\n<p>Per quanto riguarda la titolarit\u00e0 del trattamento dei dati acquisiti attraverso cookie di terze parti, si rinvia alle indicazioni riportate nell\u2019elenco del presente documento.<\/p>\n<p><strong>Cosa sono i cookie?<\/strong><\/p>\n<p>I cookie sono piccoli file di testo che i siti visitati dagli utenti inviano ai loro terminali, ove vengono memorizzati per essere poi ritrasmessi agli stessi siti alla visita successiva. I cookie delle c.d. \"terze parti\" vengono, invece, impostati da un sito web diverso da quello che l\u2019utente sta visitando. Questo perch\u00e9 su ogni sito possono essere presenti elementi (immagini, mappe, suoni, specifici link a pagine web di altri domini, ecc.) che risiedono su server diversi da quello del sito visitato.<\/p>\n<p><strong>A cosa servono i cookie?<\/strong><\/p>\n<p>I cookie sono usati per differenti finalit\u00e0: esecuzione di autenticazioni informatiche, monitoraggio di sessioni, memorizzazione di informazioni su specifiche configurazioni riguardanti gli utenti che accedono al server, memorizzazione delle preferenze, ecc.<\/p>\n<p><strong>Cosa sono i cookie \"tecnici\"?<\/strong><\/p>\n<p>Sono i cookie che servono a effettuare la navigazione o a fornire un servizio richiesto dall\u2019utente. Non vengono utilizzati per scopi ulteriori e sono normalmente installati direttamente dal titolare del sito web. Senza il ricorso a tali cookie, alcune operazioni non potrebbero essere compiute o sarebbero pi\u00f9 complesse e\/o meno sicure.<\/p>\n<p><strong>\u00c8 necessario il consenso dell\u2019utente per l\u2019installazione dei cookie sul suo terminale?<\/strong><\/p>\n<p>Per tutte le tipologie di cookie \u00e8 necessario rendere una adeguata informativa. Per l\u2019installazione dei cookie tecnici non \u00e8 richiesto il consenso degli utenti, mentre i cookie di profilazione possono essere installati sul terminale dell\u2019utente soltanto se questo abbia espresso il proprio consenso.<\/p>\n<p><strong>Cosa sono i cookie \"di profilazione\"?<\/strong><\/p>\n<p>Sono i cookie utilizzati per tracciare la navigazione dell\u2019utente in rete e creare profili sui suoi gusti, abitudini, scelte, ecc. Con questi cookie possono essere trasmessi al terminale dell\u2019utente messaggi pubblicitari in linea con le preferenze gi\u00e0 manifestate dallo stesso utente nella navigazione online.<\/p>\n<p><strong>I COOKIE PRESENTI SUL SITO<\/strong><\/p>\n<p>COOKIE DI PRIMA PARTE<\/p>\n<p>TECNICI: utilizzati per finalit\u00e0 connesse al corretto funzionamento del sito, per l\u2019erogazione del servizio e per consentire o migliorare la navigazione sul sito o memorizzare le ricerche.<\/p>\n<p>PREFERENZE: utilizzati dal sito per memorizzare le informazioni che consentono di gestire le preferenze di navigazione, come la lingua o altre eventuali impostazioni personalizzate.<\/p>\n<p>STATISTICA: utilizzati direttamente dal gestore del sito per raccogliere informazioni in forma aggregata ed anonima relative all\u2019interazione del visitatore.<\/p>\n<p>&nbsp;<\/p>\n<p>L'installazione dei cookie tecnici non richiede la raccolta del consenso dell\u2019interessato. Tali cookie vengono installati automaticamente all\u2019accesso al Sito. \u00c8 fatta salva la possibilit\u00e0 di\u00a0 disattivarli mediante la modifica delle impostazioni del proprio browser, tuttavia la loro disattivazione potrebbe compromettere le funzioni che agevolano la navigazione sul sito.<\/p>\n<p>&nbsp;<\/p>\n<table class=\"tg\">\n<thead>\n<tr>\n<th class=\"tg-v0zy\" colspan=\"4\">NECESSARI<\/th>\n<\/tr>\n<\/thead>\n<tbody>\n<tr>\n<td class=\"tg-gxkm\">NOME COOKIE<\/td>\n<td class=\"tg-gxkm\">FORNITORE<\/td>\n<td class=\"tg-gxkm\">TIPO<\/td>\n<td class=\"tg-gxkm\">SCADENZA<\/td>\n<\/tr>\n<tr>\n<td class=\"tg-096r\"><span style=\"font-weight: bold;\">wordpress_test_cookie<\/span> Verifica se il browser ha o meno i cookie abilitati.<\/td>\n<td class=\"tg-096r\">adspstretto.it<\/td>\n<td class=\"tg-096r\">HTTP<\/td>\n<td class=\"tg-096r\">Sessione<\/td>\n<\/tr>\n<tr>\n<td class=\"tg-v0zy\" colspan=\"4\">PREFERENZE<\/td>\n<\/tr>\n<tr>\n<td class=\"tg-gxkm\">NOME COOKIE<\/td>\n<td class=\"tg-gxkm\">FORNITORE<\/td>\n<td class=\"tg-gxkm\">TIPO<\/td>\n<td class=\"tg-gxkm\">SCADENZA<\/td>\n<\/tr>\n<tr>\n<td class=\"tg-096r\"><span style=\"font-weight: bold;\">cookielawinfo-checkbox-analytics cookielawinfo-checkbox-necessary cookielawinfo-checkbox-functional<\/span> Raccoglie e memorizza le preferenze del visitatore sui cookie nel browser.<\/td>\n<td class=\"tg-096r\">adspstretto.it<\/td>\n<td class=\"tg-096r\">HTTP<\/td>\n<td class=\"tg-096r\">1 anno<\/td>\n<\/tr>\n<tr>\n<td class=\"tg-096r\"><span style=\"font-weight: bold;\">pvc_visits[0] <\/span>Conta il numero di visite a un post. Il cookie viene utilizzato per impedire eventuali visualizzazioni ripetute di specifici post o contenuti da parte di un visitatore.<\/td>\n<td class=\"tg-096r\">adspstretto.it<\/td>\n<td class=\"tg-096r\">HTTP<\/td>\n<td class=\"tg-096r\">1 anno<\/td>\n<\/tr>\n<tr>\n<td class=\"tg-096r\"><span style=\"font-weight: bold;\">wpml_browser_redirect_test <\/span>Reindirizza il visitatore al contenuto in base alla lingua utilizzata nel browser.<\/td>\n<td class=\"tg-096r\">adspstretto.it<\/td>\n<td class=\"tg-096r\">HTTP<\/td>\n<td class=\"tg-096r\">1 anno<\/td>\n<\/tr>\n<tr>\n<td class=\"tg-v0zy\" colspan=\"4\">STATISTICI<\/td>\n<\/tr>\n<tr>\n<td class=\"tg-gxkm\">NOME COOKIE<\/td>\n<td class=\"tg-gxkm\">FORNITORE<\/td>\n<td class=\"tg-gxkm\">TIPO<\/td>\n<td class=\"tg-gxkm\">SCADENZA<\/td>\n<\/tr>\n<tr>\n<td class=\"tg-096r\"><span style=\"font-weight: bold;\">vstrsnln <\/span>Conta il numero di utenti e visitatori online.<\/td>\n<td class=\"tg-096r\">adspstretto.it<\/td>\n<td class=\"tg-096r\">HTTP<\/td>\n<td class=\"tg-096r\">1 anno<\/td>\n<\/tr>\n<\/tbody>\n<\/table>\n<p>&nbsp;<\/p>\n<p>COOKIE DI TERZE PARTI<\/p>\n<p>In questo sito non vengono installati cookie gestiti da terze parti.<\/p>\n<p>PROFILAZIONE<\/p>\n<p>In questo sito non vengono installati cookie che consentono di profilare l\u2019utente in base alle proprie esperienze di navigazione.<\/p>\n<p>DISATTIVAZIONE DEI COOKIE<\/p>\n<p>I cookie possono essere completamente disattivati dal browser utilizzando l\u2019apposita funzione prevista nella maggior parte dei programmi di navigazione. \u00c8 bene sapere per\u00f2 che disattivando i cookie alcune delle funzionalit\u00e0 del Sito potrebbero non essere utilizzabili. Puoi disattivarli in ogni momento procedendo manualmente alla modificazione della configurazione del tuo browser e seguendo le istruzioni contenute nelle policy dei gestori dei cookie.<\/p>\n<p>Di seguito si indicano i siti dove reperire la procedura di gestione e disattivazione dei cookie per i diversi browser:<\/p>\n<ul>\n<li>Explorer:<a href=\"https:\/\/support.microsoft.com\/it-it\/help\/17442\/windows-internet-explorer-delete-manage-cookies\">https:\/\/support.microsoft.com\/it-it\/help\/17442\/windows-internet-explorer-delete-manage-cookies<\/a><\/li>\n<li>Edge: <a href=\"https:\/\/support.microsoft.com\/it-it\/help\/4468242\/microsoft-edge-browsing-data-and-privacy-microsoft-privacy\">https:\/\/support.microsoft.com\/it-it\/help\/4468242\/microsoft-edge-browsing-data-and-privacy-microsoft-privacy<\/a><\/li>\n<li>Chrome:<a href=\"https:\/\/support.google.com\/chrome\/answer\/95647?hl=it&amp;co=GENIE.Platform=Desktop\">https:\/\/support.google.com\/chrome\/answer\/95647?hl=it&amp;co=GENIE.Platform=Desktop<\/a><\/li>\n<li>Firefox:<a href=\"https:\/\/support.mozilla.org\/it\/kb\/Bloccare%20i%20cookie\">mozilla.org\/it\/kb\/Bloccare i cookie<\/a><\/li>\n<li>Safari:<a href=\"https:\/\/www.apple.com\/it\/privacy\/use-of-cookies\">apple.com\/it\/privacy\/use-of-cookies<\/a><\/li>\n<\/ul>\n<\/div>\n<\/div><\/div><\/div><\/div><\/div>","protected":false},"excerpt":{"rendered":"<p>Cookie Policy La presente Cookie Policy \u00e8 relativa al sito www.adspstretto.it nel quale vengono utilizzati dei cookie, tecnologie utili a migliorare la navigazione. L\u2019Autorit\u00e0 di &#8230; <\/p>\n","protected":false},"author":19,"featured_media":0,"parent":0,"menu_order":0,"comment_status":"closed","ping_status":"closed","template":"page-fullwidth.php","meta":{"footnotes":""},"class_list":["post-2254","page","type-page","status-publish","hentry"],"yoast_head":"<!-- This site is optimized with the Yoast SEO plugin v27.1.1 - https:\/\/yoast.com\/product\/yoast-seo-wordpress\/ -->\n<title>Privacy Policy - Port Authority of the Strait of Messina<\/title>\n<meta name=\"robots\" content=\"index, follow, max-snippet:-1, max-image-preview:large, max-video-preview:-1\" \/>\n<link rel=\"canonical\" href=\"https:\/\/adspstretto.it\/en\/privacy-policy\/\" \/>\n<meta property=\"og:locale\" content=\"en_US\" \/>\n<meta property=\"og:type\" content=\"article\" \/>\n<meta property=\"og:title\" content=\"Privacy Policy - Port Authority of the Strait of Messina\" \/>\n<meta property=\"og:description\" content=\"Cookie Policy La presente Cookie Policy \u00e8 relativa al sito www.adspstretto.it nel quale vengono utilizzati dei cookie, tecnologie utili a migliorare la navigazione. L\u2019Autorit\u00e0 di ...\" \/>\n<meta property=\"og:url\" content=\"https:\/\/adspstretto.it\/en\/privacy-policy\/\" \/>\n<meta property=\"og:site_name\" content=\"Port Authority of the Strait of Messina\" \/>\n<meta property=\"article:modified_time\" content=\"2022-11-09T09:06:45+00:00\" \/>\n<meta name=\"twitter:card\" content=\"summary_large_image\" \/>\n<meta name=\"twitter:label1\" content=\"Est. reading time\" \/>\n\t<meta name=\"twitter:data1\" content=\"4 minutes\" \/>\n<script type=\"application\/ld+json\" class=\"yoast-schema-graph\">{\"@context\":\"https:\/\/schema.org\",\"@graph\":[{\"@type\":\"WebPage\",\"@id\":\"https:\/\/adspstretto.it\/en\/privacy-policy\/\",\"url\":\"https:\/\/adspstretto.it\/en\/privacy-policy\/\",\"name\":\"Privacy Policy - Port Authority of the Strait of Messina\",\"isPartOf\":{\"@id\":\"https:\/\/adspstretto.it\/en\/#website\"},\"datePublished\":\"2021-06-08T08:14:44+00:00\",\"dateModified\":\"2022-11-09T09:06:45+00:00\",\"breadcrumb\":{\"@id\":\"https:\/\/adspstretto.it\/en\/privacy-policy\/#breadcrumb\"},\"inLanguage\":\"en-US\",\"potentialAction\":[{\"@type\":\"ReadAction\",\"target\":[\"https:\/\/adspstretto.it\/en\/privacy-policy\/\"]}]},{\"@type\":\"BreadcrumbList\",\"@id\":\"https:\/\/adspstretto.it\/en\/privacy-policy\/#breadcrumb\",\"itemListElement\":[{\"@type\":\"ListItem\",\"position\":1,\"name\":\"Home\",\"item\":\"https:\/\/adspstretto.it\/en\/\"},{\"@type\":\"ListItem\",\"position\":2,\"name\":\"Privacy Policy\"}]},{\"@type\":\"WebSite\",\"@id\":\"https:\/\/adspstretto.it\/en\/#website\",\"url\":\"https:\/\/adspstretto.it\/en\/\",\"name\":\"Port Authority of the Strait of Messina\",\"description\":\"Porti di Messina, Milazzo, Tremestieri, Villa San Giovanni, Reggio Calabria e Saline\",\"publisher\":{\"@id\":\"https:\/\/adspstretto.it\/en\/#organization\"},\"potentialAction\":[{\"@type\":\"SearchAction\",\"target\":{\"@type\":\"EntryPoint\",\"urlTemplate\":\"https:\/\/adspstretto.it\/en\/?s={search_term_string}\"},\"query-input\":{\"@type\":\"PropertyValueSpecification\",\"valueRequired\":true,\"valueName\":\"search_term_string\"}}],\"inLanguage\":\"en-US\"},{\"@type\":\"Organization\",\"@id\":\"https:\/\/adspstretto.it\/en\/#organization\",\"name\":\"Port Authority of the Strait of Messina\",\"url\":\"https:\/\/adspstretto.it\/en\/\",\"logo\":{\"@type\":\"ImageObject\",\"inLanguage\":\"en-US\",\"@id\":\"https:\/\/adspstretto.it\/en\/#\/schema\/logo\/image\/\",\"url\":\"https:\/\/adspstretto.it\/wp-content\/uploads\/2021\/05\/cropped-logo-adsp-stretto-bianco-web-home-3.png\",\"contentUrl\":\"https:\/\/adspstretto.it\/wp-content\/uploads\/2021\/05\/cropped-logo-adsp-stretto-bianco-web-home-3.png\",\"width\":80,\"height\":80,\"caption\":\"Port Authority of the Strait of Messina\"},\"image\":{\"@id\":\"https:\/\/adspstretto.it\/en\/#\/schema\/logo\/image\/\"}}]}<\/script>\n<!-- \/ Yoast SEO plugin. -->","yoast_head_json":{"title":"Privacy Policy - Port Authority of the Strait of Messina","robots":{"index":"index","follow":"follow","max-snippet":"max-snippet:-1","max-image-preview":"max-image-preview:large","max-video-preview":"max-video-preview:-1"},"canonical":"https:\/\/adspstretto.it\/en\/privacy-policy\/","og_locale":"en_US","og_type":"article","og_title":"Privacy Policy - Port Authority of the Strait of Messina","og_description":"Cookie Policy La presente Cookie Policy \u00e8 relativa al sito www.adspstretto.it nel quale vengono utilizzati dei cookie, tecnologie utili a migliorare la navigazione. L\u2019Autorit\u00e0 di ...","og_url":"https:\/\/adspstretto.it\/en\/privacy-policy\/","og_site_name":"Port Authority of the Strait of Messina","article_modified_time":"2022-11-09T09:06:45+00:00","twitter_card":"summary_large_image","twitter_misc":{"Est. reading time":"4 minutes"},"schema":{"@context":"https:\/\/schema.org","@graph":[{"@type":"WebPage","@id":"https:\/\/adspstretto.it\/en\/privacy-policy\/","url":"https:\/\/adspstretto.it\/en\/privacy-policy\/","name":"Privacy Policy - Port Authority of the Strait of Messina","isPartOf":{"@id":"https:\/\/adspstretto.it\/en\/#website"},"datePublished":"2021-06-08T08:14:44+00:00","dateModified":"2022-11-09T09:06:45+00:00","breadcrumb":{"@id":"https:\/\/adspstretto.it\/en\/privacy-policy\/#breadcrumb"},"inLanguage":"en-US","potentialAction":[{"@type":"ReadAction","target":["https:\/\/adspstretto.it\/en\/privacy-policy\/"]}]},{"@type":"BreadcrumbList","@id":"https:\/\/adspstretto.it\/en\/privacy-policy\/#breadcrumb","itemListElement":[{"@type":"ListItem","position":1,"name":"Home","item":"https:\/\/adspstretto.it\/en\/"},{"@type":"ListItem","position":2,"name":"Privacy Policy"}]},{"@type":"WebSite","@id":"https:\/\/adspstretto.it\/en\/#website","url":"https:\/\/adspstretto.it\/en\/","name":"Port Authority of the Strait of Messina","description":"Porti di Messina, Milazzo, Tremestieri, Villa San Giovanni, Reggio Calabria e Saline","publisher":{"@id":"https:\/\/adspstretto.it\/en\/#organization"},"potentialAction":[{"@type":"SearchAction","target":{"@type":"EntryPoint","urlTemplate":"https:\/\/adspstretto.it\/en\/?s={search_term_string}"},"query-input":{"@type":"PropertyValueSpecification","valueRequired":true,"valueName":"search_term_string"}}],"inLanguage":"en-US"},{"@type":"Organization","@id":"https:\/\/adspstretto.it\/en\/#organization","name":"Port Authority of the Strait of Messina","url":"https:\/\/adspstretto.it\/en\/","logo":{"@type":"ImageObject","inLanguage":"en-US","@id":"https:\/\/adspstretto.it\/en\/#\/schema\/logo\/image\/","url":"https:\/\/adspstretto.it\/wp-content\/uploads\/2021\/05\/cropped-logo-adsp-stretto-bianco-web-home-3.png","contentUrl":"https:\/\/adspstretto.it\/wp-content\/uploads\/2021\/05\/cropped-logo-adsp-stretto-bianco-web-home-3.png","width":80,"height":80,"caption":"Port Authority of the Strait of Messina"},"image":{"@id":"https:\/\/adspstretto.it\/en\/#\/schema\/logo\/image\/"}}]}},"_links":{"self":[{"href":"https:\/\/adspstretto.it\/en\/wp-json\/wp\/v2\/pages\/2254","targetHints":{"allow":["GET"]}}],"collection":[{"href":"https:\/\/adspstretto.it\/en\/wp-json\/wp\/v2\/pages"}],"about":[{"href":"https:\/\/adspstretto.it\/en\/wp-json\/wp\/v2\/types\/page"}],"author":[{"embeddable":true,"href":"https:\/\/adspstretto.it\/en\/wp-json\/wp\/v2\/users\/19"}],"replies":[{"embeddable":true,"href":"https:\/\/adspstretto.it\/en\/wp-json\/wp\/v2\/comments?post=2254"}],"version-history":[{"count":2,"href":"https:\/\/adspstretto.it\/en\/wp-json\/wp\/v2\/pages\/2254\/revisions"}],"predecessor-version":[{"id":5696,"href":"https:\/\/adspstretto.it\/en\/wp-json\/wp\/v2\/pages\/2254\/revisions\/5696"}],"wp:attachment":[{"href":"https:\/\/adspstretto.it\/en\/wp-json\/wp\/v2\/media?parent=2254"}],"curies":[{"name":"wp","href":"https:\/\/api.w.org\/{rel}","templated":true}]}}